{"id":35,"date":"2022-06-22T01:00:58","date_gmt":"2022-06-22T05:00:58","guid":{"rendered":"http:\/\/www.melbournefloridadental.com\/?page_id=35"},"modified":"2023-09-28T14:08:53","modified_gmt":"2023-09-28T18:08:53","slug":"contacto","status":"publish","type":"page","link":"https:\/\/www.melbournefloridadental.com\/es\/contact-us\/","title":{"rendered":"P\u00f3ngase en contacto con nosotros"},"content":{"rendered":"<div class=\"row row-collapse row-full-width\"  id=\"row-481349239\">\n\n\t<div id=\"col-1819184956\" class=\"col small-12 large-12\"  >\n\t\t\t\t<div class=\"col-inner\"  >\n\t\t\t\n\t\t\t\n\t<section class=\"section\" id=\"section_365890194\">\n\t\t<div class=\"bg section-bg fill bg-fill\" >\n\n\t\t\t\n\t\t\t<div class=\"section-bg-overlay absolute fill\"><\/div>\n\t\t\t\n\n\t\t<\/div>\n\n\t\t\n\n\t\t<div class=\"section-content relative\">\n\t\t\t\n<div class=\"row row-collapse align-center\" style=\"max-width:\" id=\"row-1621551924\">\n\n\t<div id=\"col-594914135\" class=\"col small-12 large-12\"  >\n\t\t\t\t<div class=\"col-inner text-center text-shadow-5 dark\"  >\n\t\t\t\n\t\t\t\n\t<div id=\"text-209425238\" class=\"text\">\n\t\t\n<h1><span style=\"font-size: 250%;\">P\u00f3ngase en contacto con<\/span><\/h1>\n<p class=\"lead\"><strong><span style=\"font-size: 120%;\">Solicite hoy mismo una consulta gratuita con el Dr. Victor C. Apel.<\/span><\/strong><\/p>\n\t\t\n<style>\n#text-209425238 {\n  font-size: 0.75rem;\n}\n@media (min-width:550px) {\n  #text-209425238 {\n    font-size: 0.9rem;\n  }\n}\n@media (min-width:850px) {\n  #text-209425238 {\n    font-size: 1rem;\n  }\n}\n<\/style>\n\t<\/div>\n\t\n\t\t<\/div>\n\t\t\t\t\n<style>\n#col-594914135 > .col-inner {\n  padding: 20px 20px 20px 0px;\n}\n@media (min-width:550px) {\n  #col-594914135 > .col-inner {\n    padding: 60px 0px 60px 0px;\n  }\n}\n@media (min-width:850px) {\n  #col-594914135 > .col-inner {\n    padding: 100px 0px 200px 0px;\n  }\n}\n<\/style>\n\t<\/div>\n\n\t\n<\/div>\n\t\t<\/div>\n\n\t\t\n<style>\n#section_365890194 {\n  padding-top: 0px;\n  padding-bottom: 0px;\n  min-height: 0px;\n}\n#section_365890194 .section-bg-overlay {\n  background-color: rgba(0, 0, 0, 0.12);\n}\n#section_365890194 .section-bg.bg-loaded {\n  background-image: url(https:\/\/www.melbournefloridadental.com\/wp-content\/uploads\/2023\/09\/Contact-Designing-Smiles-Dentistry-in-Melbourne-FL-3-scaled-e1696275755785.jpg);\n}\n@media (min-width:550px) {\n  #section_365890194 {\n    padding-top: 0px;\n    padding-bottom: 0px;\n  }\n  #section_365890194 .section-bg-overlay {\n    background-color: rgba(0, 0, 0, 0.21);\n  }\n}\n@media (min-width:850px) {\n  #section_365890194 {\n    padding-top: 60px;\n    padding-bottom: 60px;\n  }\n  #section_365890194 .section-bg-overlay {\n    background-color: rgba(0, 0, 0, 0.1);\n  }\n}\n<\/style>\n\t<\/section>\n\t\n\t\t<\/div>\n\t\t\t\t\t<\/div>\n\n\t\n<\/div>\n<div class=\"row row-large\" style=\"max-width:1400px\" id=\"row-840002491\">\n\n\t<div id=\"col-1115278578\" class=\"col small-12 large-12\"  >\n\t\t\t\t<div class=\"col-inner\" style=\"background-color:rgb(249, 249, 249);\" >\n\t\t\t\n\t\t\t\n<div class=\"row row-collapse row-full-width\"  id=\"row-1007719246\">\n\n\t<div id=\"col-43046988\" class=\"col medium-12 small-12 large-7\"  >\n\t\t\t\t<div class=\"col-inner\"  >\n\t\t\t\n\t\t\t\n<h2><span style=\"font-size: 110%;\">Contacto Designing Smiles Dentistry<\/span><\/h2>\n\t<div id=\"gap-1607428889\" class=\"gap-element clearfix\" style=\"display:block; height:auto;\">\n\t\t\n<style>\n#gap-1607428889 {\n  padding-top: 20px;\n}\n@media (min-width:550px) {\n  #gap-1607428889 {\n    padding-top: 20px;\n  }\n}\n@media (min-width:850px) {\n  #gap-1607428889 {\n    padding-top: 30px;\n  }\n}\n<\/style>\n\t<\/div>\n\t\n<div class=\"row\"  id=\"row-1300488217\">\n\n\t<div id=\"col-1660211903\" class=\"col medium-6 small-12 large-6\"  >\n\t\t\t\t<div class=\"col-inner\"  >\n\t\t\t\n\t\t\t\n\t<div class=\"img has-hover x md-x lg-x y md-y lg-y\" id=\"image_189053296\">\n\t\t\t\t\t\t\t\t<div class=\"img-inner dark\" >\n\t\t\t\t\t\t\t\t\t\n\t\t\t\t\t<\/div>\n\t\t\t\t\t\t\t\t\n<style>\n#image_189053296 {\n  width: 15%;\n}\n@media (min-width:550px) {\n  #image_189053296 {\n    width: 20%;\n  }\n}\n<\/style>\n\t<\/div>\n\t\n<h3 class=\"uppercase\"><span data-text-color=\"secondary\">tel\u00e9fono<\/span><\/h3>\n<p><span style=\"font-size: 160%;\"><strong>(321) 727-1320<\/strong><\/span><\/p>\n<h3 class=\"uppercase\"><span data-text-color=\"secondary\">Direcci\u00f3n<\/span><\/h3>\n<p><a href=\"https:\/\/maps.app.goo.gl\/mieNYmsPryuHLEk96\"><span style=\"color: #282828;\"><strong><span style=\"font-size: 120%;\">1514 S Babcock St<br \/>Melbourne, FL 32901<\/span><\/strong><\/span><\/a><\/p>\n<a href=\"https:\/\/maps.app.goo.gl\/mieNYmsPryuHLEk96\" target=\"_self\" class=\"button primary expand\"  >\n    <span>C\u00f3mo llegar<\/span>\n  <i class=\"icon-map-pin-fill\" aria-hidden=\"true\" ><\/i><\/a>\n\n\t<div class=\"img has-hover x md-x lg-x y md-y lg-y\" id=\"image_1905199820\">\n\t\t\t\t\t\t\t\t<div class=\"img-inner dark\" >\n\t\t\t\t\t\t\t\t\t\n\t\t\t\t\t<\/div>\n\t\t\t\t\t\t\t\t\n<style>\n#image_1905199820 {\n  width: 15%;\n}\n@media (min-width:550px) {\n  #image_1905199820 {\n    width: 20%;\n  }\n}\n<\/style>\n\t<\/div>\n\t\n\t\t<\/div>\n\t\t\t\t\t<\/div>\n\n\t\n\n\t<div id=\"col-535515269\" class=\"col medium-5 small-12 large-6\"  >\n\t\t\t\t<div class=\"col-inner\"  >\n\t\t\t\n\t\t\t\n\t<div class=\"img has-hover x md-x lg-x y md-y lg-y\" id=\"image_573412854\">\n\t\t\t\t\t\t\t\t<div class=\"img-inner dark\" >\n\t\t\t\t\t\t\t\t\t\n\t\t\t\t\t<\/div>\n\t\t\t\t\t\t\t\t\n<style>\n#image_573412854 {\n  width: 15%;\n}\n@media (min-width:550px) {\n  #image_573412854 {\n    width: 20%;\n  }\n}\n<\/style>\n\t<\/div>\n\t\n<h3 class=\"uppercase\"><span data-text-color=\"secondary\">Horas<\/span><\/h3>\n<p style=\"text-align: left;\"><span style=\"font-size: 120%;\" data-line-height=\"xs\"><strong>Lunes: de 10.00 a 17.00 horas<\/strong><\/span><\/p>\n<p style=\"text-align: left;\" data-line-height=\"xs\"><span style=\"font-size: 120%;\"><strong>Martes: de 10.00 a 17.00 horas<\/strong><\/span><\/p>\n<p style=\"text-align: left;\" data-line-height=\"xs\"><span style=\"font-size: 120%;\"><strong>Mi\u00e9rcoles: Cerrado<\/strong><\/span><\/p>\n<p style=\"text-align: left;\" data-line-height=\"xs\"><span style=\"font-size: 120%;\"><strong>Jueves: de 10.00 a 17.00 horas<\/strong><\/span><\/p>\n<p style=\"text-align: left;\" data-line-height=\"xs\"><span style=\"font-size: 120%;\"><strong>Viernes: de 9.00 a 16.00 horas<\/strong><\/span><\/p>\n<p style=\"text-align: left;\" data-line-height=\"xs\"><span style=\"font-size: 120%;\"><strong>S\u00e1bado: Cerrado<\/strong><\/span><\/p>\n<p style=\"text-align: left;\"><span style=\"font-size: 120%;\" data-line-height=\"xs\"><strong>Domingo: Cerrado<\/strong><\/span><\/p>\n\t\t<\/div>\n\t\t\t\t\t<\/div>\n\n\t\n<\/div>\n\t\t<\/div>\n\t\t\t\t\n<style>\n#col-43046988 > .col-inner {\n  padding: 0px 0px 0px 20px;\n}\n<\/style>\n\t<\/div>\n\n\t\n\n\t<div id=\"col-528918736\" class=\"col medium-12 small-12 large-5\"  >\n\t\t\t\t<div class=\"col-inner dark\" style=\"background-color:#00a99d;\" >\n\t\t\t\n\t\t\t\n\t<div id=\"gap-1506877280\" class=\"gap-element clearfix\" style=\"display:block; height:auto;\">\n\t\t\n<style>\n#gap-1506877280 {\n  padding-top: 30px;\n}\n<\/style>\n\t<\/div>\n\t\n\n<div class=\"wpcf7 no-js\" id=\"wpcf7-f9-o1\" lang=\"en-US\" dir=\"ltr\" data-wpcf7-id=\"9\">\n<div class=\"screen-reader-response\"><p role=\"status\" aria-live=\"polite\" aria-atomic=\"true\"><\/p> <ul><\/ul><\/div>\n<form action=\"\/es\/wp-json\/wp\/v2\/pages\/35#wpcf7-f9-o1\" method=\"post\" class=\"wpcf7-form init cf7mls-no-scroll cf7mls-no-moving-animation\" aria-label=\"Formulario de contacto\" novalidate=\"novalidate\" data-status=\"init\" data-trp-original-action=\"\/es\/wp-json\/wp\/v2\/pages\/35#wpcf7-f9-o1\">\n<fieldset class=\"hidden-fields-container\"><input type=\"hidden\" name=\"_wpcf7\" value=\"9\" \/><input type=\"hidden\" name=\"_wpcf7_version\" value=\"6.1.5\" \/><input type=\"hidden\" name=\"_wpcf7_locale\" value=\"en_US\" \/><input type=\"hidden\" name=\"_wpcf7_unit_tag\" value=\"wpcf7-f9-o1\" \/><input type=\"hidden\" name=\"_wpcf7_container_post\" value=\"0\" \/><input type=\"hidden\" name=\"_wpcf7_posted_data_hash\" value=\"\" \/><input type=\"hidden\" name=\"_wpcf7cf_hidden_group_fields\" value=\"[]\" \/><input type=\"hidden\" name=\"_wpcf7cf_hidden_groups\" value=\"[]\" \/><input type=\"hidden\" name=\"_wpcf7cf_visible_groups\" value=\"[]\" \/><input type=\"hidden\" name=\"_wpcf7cf_repeaters\" value=\"[]\" \/><input type=\"hidden\" name=\"_wpcf7cf_steps\" value=\"{}\" \/><input type=\"hidden\" name=\"_wpcf7cf_options\" value=\"{&quot;form_id&quot;:9,&quot;conditions&quot;:[],&quot;settings&quot;:{&quot;animation&quot;:&quot;yes&quot;,&quot;animation_intime&quot;:200,&quot;animation_outtime&quot;:200,&quot;conditions_ui&quot;:&quot;normal&quot;,&quot;notice_dismissed&quot;:false,&quot;notice_dismissed_rollback-cf7-5.8&quot;:true,&quot;notice_dismissed_rollback-cf7-5.9.2&quot;:true}}\" \/>\n<\/fieldset>\n<center>\n\t<h3>CONSULTA GRATUITA\n\t<\/h3>\n<\/center>\n<hr \/>\n<center>\n\t<p><span class=\"wpcf7-form-control-wrap\" data-name=\"your-name\"><input size=\"40\" maxlength=\"400\" class=\"wpcf7-form-control wpcf7-text wpcf7-validates-as-required\" aria-required=\"true\" aria-invalid=\"false\" placeholder=\"Nombre\" value=\"\" type=\"text\" name=\"your-name\" \/><\/span>\n\t<\/p>\n\t<p><span class=\"wpcf7-form-control-wrap\" data-name=\"your-email\"><input size=\"40\" maxlength=\"400\" class=\"wpcf7-form-control wpcf7-email wpcf7-validates-as-required wpcf7-text wpcf7-validates-as-email\" aria-required=\"true\" aria-invalid=\"false\" placeholder=\"Correo electr\u00f3nico\" value=\"\" type=\"email\" name=\"your-email\" \/><\/span>\n\t<\/p>\n\t<p><span class=\"wpcf7-form-control-wrap\" data-name=\"tel-545\"><input size=\"40\" maxlength=\"400\" class=\"wpcf7-form-control wpcf7-tel wpcf7-text wpcf7-validates-as-tel\" aria-invalid=\"false\" placeholder=\"N\u00famero de tel\u00e9fono\" value=\"\" type=\"tel\" name=\"tel-545\" \/><\/span>\n\t<\/p>\n\t<p><span class=\"wpcf7-form-control-wrap\" data-name=\"your-message\"><textarea cols=\"40\" rows=\"10\" maxlength=\"2000\" class=\"wpcf7-form-control wpcf7-textarea\" aria-invalid=\"false\" placeholder=\"\u00bfC\u00f3mo podemos ayudarle?\" name=\"your-message\"><\/textarea><\/span>\n\t<\/p>\n\t<p><input class=\"wpcf7-form-control wpcf7-submit has-spinner button\" type=\"submit\" value=\"Enviar solicitud\" \/>\n\t<\/p>\n<\/center><input\n                    class=\"apbct_special_field apbct_email_id__wp_contact_form_7\"\n                    name=\"apbct__email_id__wp_contact_form_7\"\n                    aria-label=\"apbct__label_id__wp_contact_form_7\"\n                    type=\"text\" size=\"30\" maxlength=\"200\" autocomplete=\"off\"\n                    value=\"\"\n                \/><div class=\"wpcf7-response-output\" aria-hidden=\"true\"><\/div>\n<input type=\"hidden\" name=\"trp-form-language\" value=\"es\"\/><\/form>\n<\/div>\n\n\t\t<\/div>\n\t\t\t\t\t<\/div>\n\n\t\n\n<style>\n#row-1007719246 > .col > .col-inner {\n  padding: 0px 15px 0px 15px;\n}\n<\/style>\n<\/div>\n\t\t<\/div>\n\t\t\t\t\n<style>\n#col-1115278578 > .col-inner {\n  padding: 50px 20px 0px 20px;\n  margin: -0 0px 0px 0px;\n}\n@media (min-width:550px) {\n  #col-1115278578 > .col-inner {\n    padding: 50px 20px 30px 20px;\n    margin: 0 0px 0px 0px;\n  }\n}\n@media (min-width:850px) {\n  #col-1115278578 > .col-inner {\n    padding: 66px 5% 16px 5%;\n    margin: -135px 0px 0px 0px;\n  }\n}\n<\/style>\n\t<\/div>\n\n\t\n<\/div>\n<div class=\"row row-collapse row-full-width\"  id=\"row-791517207\">\n\n\t<div id=\"col-910223611\" class=\"col small-12 large-12\"  >\n\t\t\t\t<div class=\"col-inner\"  >\n\t\t\t\n\t\t\t\n\n<p><iframe src=\"https:\/\/www.google.com\/maps\/embed?pb=!1m18!1m12!1m3!1d3520.0388667099146!2d-80.6218714!3d28.084357299999997!2m3!1f0!2f0!3f0!3m2!1i1024!2i768!4f13.1!3m3!1m2!1s0x88de11e55c7655fb%3A0x74ff76197164bcd8!2sDesigning%20Smiles%20Dentistry!5e0!3m2!1sen!2sus!4v1695924450820!5m2!1sen!2sus\" width=\"100%\" height=\"350\" style=\"border:0;\" allowfullscreen=\"\" loading=\"lazy\" referrerpolicy=\"no-referrer-when-downgrade\"><\/iframe><br \/>\n\n\t\t<\/div>\n\t\t\t\t\t<\/div>\n\n\t\n<\/div>","protected":false},"excerpt":{"rendered":"","protected":false},"author":4,"featured_media":701,"parent":0,"menu_order":0,"comment_status":"closed","ping_status":"closed","template":"page-blank.php","meta":{"rop_custom_images_group":[],"rop_custom_messages_group":[],"rop_publish_now":"initial","rop_publish_now_accounts":{"facebook_777675450006584_17841459105213043":"","twitter_1749521727959265280_1749521727959265280":"","gmb_109265489736877664202_accounts\/109265489736877664202\/locations\/10893882561405882307":""},"rop_publish_now_history":[],"rop_publish_now_status":"pending","footnotes":""},"class_list":["post-35","page","type-page","status-publish","has-post-thumbnail","hentry"],"yoast_head":"<!-- This site is optimized with the Yoast SEO plugin v27.4 - https:\/\/yoast.com\/product\/yoast-seo-wordpress\/ -->\n<title>Contact Us | Dr. Victor C. Apel | Designing Smiles Dentistry<\/title>\n<meta name=\"description\" content=\"Call us today for your free consultation and let us see what treatments we can offer to make you be you again.\" \/>\n<meta name=\"robots\" content=\"index, follow, max-snippet:-1, max-image-preview:large, max-video-preview:-1\" \/>\n<link rel=\"canonical\" href=\"https:\/\/www.melbournefloridadental.com\/es\/contacto\/\" \/>\n<meta property=\"og:locale\" content=\"es_MX\" \/>\n<meta property=\"og:type\" content=\"article\" \/>\n<meta property=\"og:title\" content=\"Contact Us | Dr. Victor C. Apel | Designing Smiles Dentistry\" \/>\n<meta property=\"og:description\" content=\"Call us today for your free consultation and let us see what treatments we can offer to make you be you again.\" \/>\n<meta property=\"og:url\" content=\"https:\/\/www.melbournefloridadental.com\/es\/contacto\/\" \/>\n<meta property=\"og:site_name\" content=\"Designing Smiles Dentistry | Victor C. Apel, DMD\" \/>\n<meta property=\"article:publisher\" content=\"https:\/\/www.facebook.com\/Designingsmiles4you\" \/>\n<meta property=\"article:modified_time\" content=\"2023-09-28T18:08:53+00:00\" \/>\n<meta property=\"og:image\" content=\"https:\/\/www.melbournefloridadental.com\/wp-content\/uploads\/2023\/09\/Contact-Us-Dr.-Victor-C.-Apel-Designing-Smiles-Dentistry.jpg\" \/>\n\t<meta property=\"og:image:width\" content=\"640\" \/>\n\t<meta property=\"og:image:height\" content=\"427\" \/>\n\t<meta property=\"og:image:type\" content=\"image\/jpeg\" \/>\n<meta name=\"twitter:card\" content=\"summary_large_image\" \/>\n<meta name=\"twitter:label1\" content=\"Tiempo de lectura\" \/>\n\t<meta name=\"twitter:data1\" content=\"2 minutos\" \/>\n<script type=\"application\/ld+json\" class=\"yoast-schema-graph\">{\"@context\":\"https:\\\/\\\/schema.org\",\"@graph\":[{\"@type\":\"WebPage\",\"@id\":\"https:\\\/\\\/www.melbournefloridadental.com\\\/contact-us\\\/\",\"url\":\"https:\\\/\\\/www.melbournefloridadental.com\\\/contact-us\\\/\",\"name\":\"Contact Us | Dr. Victor C. Apel | Designing Smiles Dentistry\",\"isPartOf\":{\"@id\":\"https:\\\/\\\/www.melbournefloridadental.com\\\/#website\"},\"primaryImageOfPage\":{\"@id\":\"https:\\\/\\\/www.melbournefloridadental.com\\\/contact-us\\\/#primaryimage\"},\"image\":{\"@id\":\"https:\\\/\\\/www.melbournefloridadental.com\\\/contact-us\\\/#primaryimage\"},\"thumbnailUrl\":\"https:\\\/\\\/www.melbournefloridadental.com\\\/wp-content\\\/uploads\\\/2023\\\/09\\\/Contact-Us-Dr.-Victor-C.-Apel-Designing-Smiles-Dentistry.jpg\",\"datePublished\":\"2022-06-22T05:00:58+00:00\",\"dateModified\":\"2023-09-28T18:08:53+00:00\",\"description\":\"Call us today for your free consultation and let us see what treatments we can offer to make you be you again.\",\"breadcrumb\":{\"@id\":\"https:\\\/\\\/www.melbournefloridadental.com\\\/contact-us\\\/#breadcrumb\"},\"inLanguage\":\"es\",\"potentialAction\":[{\"@type\":\"ReadAction\",\"target\":[\"https:\\\/\\\/www.melbournefloridadental.com\\\/contact-us\\\/\"]}]},{\"@type\":\"ImageObject\",\"inLanguage\":\"es\",\"@id\":\"https:\\\/\\\/www.melbournefloridadental.com\\\/contact-us\\\/#primaryimage\",\"url\":\"https:\\\/\\\/www.melbournefloridadental.com\\\/wp-content\\\/uploads\\\/2023\\\/09\\\/Contact-Us-Dr.-Victor-C.-Apel-Designing-Smiles-Dentistry.jpg\",\"contentUrl\":\"https:\\\/\\\/www.melbournefloridadental.com\\\/wp-content\\\/uploads\\\/2023\\\/09\\\/Contact-Us-Dr.-Victor-C.-Apel-Designing-Smiles-Dentistry.jpg\",\"width\":640,\"height\":427,\"caption\":\"Contact Us Dr. Victor C. Apel Designing Smiles Dentistry\"},{\"@type\":\"BreadcrumbList\",\"@id\":\"https:\\\/\\\/www.melbournefloridadental.com\\\/contact-us\\\/#breadcrumb\",\"itemListElement\":[{\"@type\":\"ListItem\",\"position\":1,\"name\":\"Home\",\"item\":\"https:\\\/\\\/www.melbournefloridadental.com\\\/\"},{\"@type\":\"ListItem\",\"position\":2,\"name\":\"Contact Us\"}]},{\"@type\":\"WebSite\",\"@id\":\"https:\\\/\\\/www.melbournefloridadental.com\\\/#website\",\"url\":\"https:\\\/\\\/www.melbournefloridadental.com\\\/\",\"name\":\"Mini Dental Implants in Melbourne, FL\",\"description\":\"Mini Dental Implants in Melbourne, FL\",\"publisher\":{\"@id\":\"https:\\\/\\\/www.melbournefloridadental.com\\\/#organization\"},\"potentialAction\":[{\"@type\":\"SearchAction\",\"target\":{\"@type\":\"EntryPoint\",\"urlTemplate\":\"https:\\\/\\\/www.melbournefloridadental.com\\\/?s={search_term_string}\"},\"query-input\":{\"@type\":\"PropertyValueSpecification\",\"valueRequired\":true,\"valueName\":\"search_term_string\"}}],\"inLanguage\":\"es\"},{\"@type\":\"Organization\",\"@id\":\"https:\\\/\\\/www.melbournefloridadental.com\\\/#organization\",\"name\":\"Mini Dental Implants in Melbourne, FL\",\"url\":\"https:\\\/\\\/www.melbournefloridadental.com\\\/\",\"logo\":{\"@type\":\"ImageObject\",\"inLanguage\":\"es\",\"@id\":\"https:\\\/\\\/www.melbournefloridadental.com\\\/#\\\/schema\\\/logo\\\/image\\\/\",\"url\":\"https:\\\/\\\/www.melbournefloridadental.com\\\/wp-content\\\/uploads\\\/2023\\\/10\\\/Designing-Smiles-Mini-Dental-Implants-in-Melbourne-FL.jpg\",\"contentUrl\":\"https:\\\/\\\/www.melbournefloridadental.com\\\/wp-content\\\/uploads\\\/2023\\\/10\\\/Designing-Smiles-Mini-Dental-Implants-in-Melbourne-FL.jpg\",\"width\":600,\"height\":600,\"caption\":\"Mini Dental Implants in Melbourne, FL\"},\"image\":{\"@id\":\"https:\\\/\\\/www.melbournefloridadental.com\\\/#\\\/schema\\\/logo\\\/image\\\/\"},\"sameAs\":[\"https:\\\/\\\/www.facebook.com\\\/Designingsmiles4you\",\"https:\\\/\\\/www.youtube.com\\\/channel\\\/UCZfBoSod-5NE9mKAoIY87iQ\"]}]}<\/script>\n<!-- \/ Yoast SEO plugin. -->","yoast_head_json":{"title":"Contacto | Dr. Victor C. Apel | Designing Smiles Dentistry","description":"Ll\u00e1menos hoy mismo para su consulta gratuita y d\u00e9jenos ver qu\u00e9 tratamientos podemos ofrecerle para que vuelva a ser usted.","robots":{"index":"index","follow":"follow","max-snippet":"max-snippet:-1","max-image-preview":"max-image-preview:large","max-video-preview":"max-video-preview:-1"},"canonical":"https:\/\/www.melbournefloridadental.com\/es\/contacto\/","og_locale":"es_MX","og_type":"article","og_title":"Contact Us | Dr. Victor C. Apel | Designing Smiles Dentistry","og_description":"Call us today for your free consultation and let us see what treatments we can offer to make you be you again.","og_url":"https:\/\/www.melbournefloridadental.com\/es\/contacto\/","og_site_name":"Designing Smiles Dentistry | Victor C. Apel, DMD","article_publisher":"https:\/\/www.facebook.com\/Designingsmiles4you","article_modified_time":"2023-09-28T18:08:53+00:00","og_image":[{"width":640,"height":427,"url":"https:\/\/www.melbournefloridadental.com\/wp-content\/uploads\/2023\/09\/Contact-Us-Dr.-Victor-C.-Apel-Designing-Smiles-Dentistry.jpg","type":"image\/jpeg"}],"twitter_card":"summary_large_image","twitter_misc":{"Tiempo de lectura":"2 minutos"},"schema":{"@context":"https:\/\/schema.org","@graph":[{"@type":"WebPage","@id":"https:\/\/www.melbournefloridadental.com\/contact-us\/","url":"https:\/\/www.melbournefloridadental.com\/contact-us\/","name":"Contacto | Dr. Victor C. Apel | Designing Smiles Dentistry","isPartOf":{"@id":"https:\/\/www.melbournefloridadental.com\/#website"},"primaryImageOfPage":{"@id":"https:\/\/www.melbournefloridadental.com\/contact-us\/#primaryimage"},"image":{"@id":"https:\/\/www.melbournefloridadental.com\/contact-us\/#primaryimage"},"thumbnailUrl":"https:\/\/www.melbournefloridadental.com\/wp-content\/uploads\/2023\/09\/Contact-Us-Dr.-Victor-C.-Apel-Designing-Smiles-Dentistry.jpg","datePublished":"2022-06-22T05:00:58+00:00","dateModified":"2023-09-28T18:08:53+00:00","description":"Ll\u00e1menos hoy mismo para su consulta gratuita y d\u00e9jenos ver qu\u00e9 tratamientos podemos ofrecerle para que vuelva a ser usted.","breadcrumb":{"@id":"https:\/\/www.melbournefloridadental.com\/contact-us\/#breadcrumb"},"inLanguage":"es","potentialAction":[{"@type":"ReadAction","target":["https:\/\/www.melbournefloridadental.com\/contact-us\/"]}]},{"@type":"ImageObject","inLanguage":"es","@id":"https:\/\/www.melbournefloridadental.com\/contact-us\/#primaryimage","url":"https:\/\/www.melbournefloridadental.com\/wp-content\/uploads\/2023\/09\/Contact-Us-Dr.-Victor-C.-Apel-Designing-Smiles-Dentistry.jpg","contentUrl":"https:\/\/www.melbournefloridadental.com\/wp-content\/uploads\/2023\/09\/Contact-Us-Dr.-Victor-C.-Apel-Designing-Smiles-Dentistry.jpg","width":640,"height":427,"caption":"Contact Us Dr. Victor C. Apel Designing Smiles Dentistry"},{"@type":"BreadcrumbList","@id":"https:\/\/www.melbournefloridadental.com\/contact-us\/#breadcrumb","itemListElement":[{"@type":"ListItem","position":1,"name":"Home","item":"https:\/\/www.melbournefloridadental.com\/"},{"@type":"ListItem","position":2,"name":"Contact Us"}]},{"@type":"WebSite","@id":"https:\/\/www.melbournefloridadental.com\/#website","url":"https:\/\/www.melbournefloridadental.com\/","name":"Mini Implantes Dentales en Melbourne, FL","description":"Mini Implantes Dentales en Melbourne, FL","publisher":{"@id":"https:\/\/www.melbournefloridadental.com\/#organization"},"potentialAction":[{"@type":"SearchAction","target":{"@type":"EntryPoint","urlTemplate":"https:\/\/www.melbournefloridadental.com\/?s={search_term_string}"},"query-input":{"@type":"PropertyValueSpecification","valueRequired":true,"valueName":"search_term_string"}}],"inLanguage":"es"},{"@type":"Organization","@id":"https:\/\/www.melbournefloridadental.com\/#organization","name":"Mini Implantes Dentales en Melbourne, FL","url":"https:\/\/www.melbournefloridadental.com\/","logo":{"@type":"ImageObject","inLanguage":"es","@id":"https:\/\/www.melbournefloridadental.com\/#\/schema\/logo\/image\/","url":"https:\/\/www.melbournefloridadental.com\/wp-content\/uploads\/2023\/10\/Designing-Smiles-Mini-Dental-Implants-in-Melbourne-FL.jpg","contentUrl":"https:\/\/www.melbournefloridadental.com\/wp-content\/uploads\/2023\/10\/Designing-Smiles-Mini-Dental-Implants-in-Melbourne-FL.jpg","width":600,"height":600,"caption":"Mini Dental Implants in Melbourne, FL"},"image":{"@id":"https:\/\/www.melbournefloridadental.com\/#\/schema\/logo\/image\/"},"sameAs":["https:\/\/www.facebook.com\/Designingsmiles4you","https:\/\/www.youtube.com\/channel\/UCZfBoSod-5NE9mKAoIY87iQ"]}]}},"_links":{"self":[{"href":"https:\/\/www.melbournefloridadental.com\/es\/wp-json\/wp\/v2\/pages\/35","targetHints":{"allow":["GET"]}}],"collection":[{"href":"https:\/\/www.melbournefloridadental.com\/es\/wp-json\/wp\/v2\/pages"}],"about":[{"href":"https:\/\/www.melbournefloridadental.com\/es\/wp-json\/wp\/v2\/types\/page"}],"author":[{"embeddable":true,"href":"https:\/\/www.melbournefloridadental.com\/es\/wp-json\/wp\/v2\/users\/4"}],"replies":[{"embeddable":true,"href":"https:\/\/www.melbournefloridadental.com\/es\/wp-json\/wp\/v2\/comments?post=35"}],"version-history":[{"count":0,"href":"https:\/\/www.melbournefloridadental.com\/es\/wp-json\/wp\/v2\/pages\/35\/revisions"}],"wp:featuredmedia":[{"embeddable":true,"href":"https:\/\/www.melbournefloridadental.com\/es\/wp-json\/wp\/v2\/media\/701"}],"wp:attachment":[{"href":"https:\/\/www.melbournefloridadental.com\/es\/wp-json\/wp\/v2\/media?parent=35"}],"curies":[{"name":"wp","href":"https:\/\/api.w.org\/{rel}","templated":true}]}}