{"id":2023,"date":"2023-09-28T16:24:23","date_gmt":"2023-09-28T20:24:23","guid":{"rendered":"https:\/\/www.melbournefloridadental.com\/?page_id=2023"},"modified":"2023-10-11T15:05:06","modified_gmt":"2023-10-11T19:05:06","slug":"vigilantes-nocturnos-en-melbourne-fl","status":"publish","type":"page","link":"https:\/\/www.melbournefloridadental.com\/es\/night-guards-in-melbourne-fl\/","title":{"rendered":"Vigilantes nocturnos en Melbourne, FL"},"content":{"rendered":"\t<section class=\"section\" id=\"section_953902743\">\n\t\t<div class=\"bg section-bg fill bg-fill  bg-loaded\" >\n\n\t\t\t\n\t\t\t\n\t\t\t\n\n\t\t<\/div>\n\n\t\t\n\n\t\t<div class=\"section-content relative\">\n\t\t\t\n<div class=\"row\"  id=\"row-763806137\">\n\n\t<div id=\"col-1746367231\" class=\"col medium-8 small-12 large-8\"  >\n\t\t\t\t<div class=\"col-inner\"  >\n\t\t\t\n\t\t\t\n<h1>Night Guards in Melbourne, FL<\/h1>\n<p><a href=\"https:\/\/www.hopkinsmedicine.org\/health\/conditions-and-diseases\/bruxism\"><strong>Bruxism<\/strong><\/a> refers to the persistent habit of clenching the jaw and grinding teeth. Though it can occur during waking hours, it&#8217;s often most pronounced at night, leading to symptoms like jaw discomfort, headaches, and tender teeth that might even feel wobbly. While stress and anxiety are frequently identified as prime causes, other factors such as sleep disorders, an improper bite, or misaligned or missing teeth can also play a role.<\/p>\n<p><img loading=\"lazy\" decoding=\"async\" class=\" wp-image-2151 alignright\" style=\"color: #555555; font-size: 14.4px;\" src=\"http:\/\/www.melbournefloridadental.com\/wp-content\/uploads\/2023\/09\/Does-Insurance-Cover-Night-Guards-Melbourne-FL-Dr.-Apel-1.jpg\" alt=\"Night-Guards-Melbourne-FL-Dr.-Apel-1\" width=\"440\" height=\"294\" srcset=\"https:\/\/www.melbournefloridadental.com\/wp-content\/uploads\/2023\/09\/Does-Insurance-Cover-Night-Guards-Melbourne-FL-Dr.-Apel-1.jpg 500w, https:\/\/www.melbournefloridadental.com\/wp-content\/uploads\/2023\/09\/Does-Insurance-Cover-Night-Guards-Melbourne-FL-Dr.-Apel-1-18x12.jpg 18w\" sizes=\"auto, (max-width: 440px) 100vw, 440px\" \/>One of the common solutions for alleviating bruxism symptoms is the use of a night guard during sleep. This custom-fitted device sits over the teeth, ensuring the jaws remain slightly separated. Its use can prevent various complications, including muscular tension, undue stress on the jaw joint (TMJ), and dental issues like cracked or chipped teeth from persistent grinding.<\/p>\n<p>Moreover, a tailor-made night guard crafted at a dental clinic not only shields the surrounding oral structures from damage but can also help in reducing the bruxism tendency, offering the individual a more restful sleep.<\/p>\n\t\t<\/div>\n\t\t\t\t\t<\/div>\n\n\t\n\n\t<div id=\"col-444534299\" class=\"col medium-4 small-12 large-4\"  >\n\t\t\t\t<div class=\"col-inner\"  >\n\t\t\t\n\t\t\t\n<ul class=\"sidebar-wrapper ul-reset\"><aside id=\"text-15\" class=\"widget widget_text\">\t\t\t<div class=\"textwidget\"><p><a href=\"\/videos\/\"><img loading=\"lazy\" decoding=\"async\" class=\"alignnone size-full wp-image-1890\" src=\"http:\/\/www.melbournefloridadental.com\/wp-content\/uploads\/2023\/09\/video-library.png\" alt=\"\" width=\"600\" height=\"172\" srcset=\"https:\/\/www.melbournefloridadental.com\/wp-content\/uploads\/2023\/09\/video-library.png 600w, https:\/\/www.melbournefloridadental.com\/wp-content\/uploads\/2023\/09\/video-library-18x5.png 18w\" sizes=\"auto, (max-width: 600px) 100vw, 600px\" \/><\/a><\/p>\n<\/div>\n\t\t<\/aside><aside id=\"text-13\" class=\"widget widget_text\">\t\t\t<div class=\"textwidget\"><div class=\"wpcf7 no-js\" id=\"wpcf7-f9-o1\" lang=\"en-US\" dir=\"ltr\" data-wpcf7-id=\"9\">\n<div class=\"screen-reader-response\">\n<p role=\"status\" aria-live=\"polite\" aria-atomic=\"true\">\n<ul><\/ul>\n<\/div>\n<form action=\"\/es\/wp-json\/wp\/v2\/pages\/2023#wpcf7-f9-o1\" method=\"post\" class=\"wpcf7-form init cf7mls-no-scroll cf7mls-no-moving-animation\" aria-label=\"Contact form\" novalidate=\"novalidate\" data-status=\"init\">\n<fieldset class=\"hidden-fields-container\"><input type=\"hidden\" name=\"_wpcf7\" value=\"9\" \/><input type=\"hidden\" name=\"_wpcf7_version\" value=\"6.1.5\" \/><input type=\"hidden\" name=\"_wpcf7_locale\" value=\"en_US\" \/><input type=\"hidden\" name=\"_wpcf7_unit_tag\" value=\"wpcf7-f9-o1\" \/><input type=\"hidden\" name=\"_wpcf7_container_post\" value=\"0\" \/><input type=\"hidden\" name=\"_wpcf7_posted_data_hash\" value=\"\" \/><input type=\"hidden\" name=\"_wpcf7cf_hidden_group_fields\" value=\"[]\" \/><input type=\"hidden\" name=\"_wpcf7cf_hidden_groups\" value=\"[]\" \/><input type=\"hidden\" name=\"_wpcf7cf_visible_groups\" value=\"[]\" \/><input type=\"hidden\" name=\"_wpcf7cf_repeaters\" value=\"[]\" \/><input type=\"hidden\" name=\"_wpcf7cf_steps\" value=\"{}\" \/><input type=\"hidden\" name=\"_wpcf7cf_options\" value=\"{&quot;form_id&quot;:9,&quot;conditions&quot;:[],&quot;settings&quot;:{&quot;animation&quot;:&quot;yes&quot;,&quot;animation_intime&quot;:200,&quot;animation_outtime&quot;:200,&quot;conditions_ui&quot;:&quot;normal&quot;,&quot;notice_dismissed&quot;:false,&quot;notice_dismissed_rollback-cf7-5.8&quot;:true,&quot;notice_dismissed_rollback-cf7-5.9.2&quot;:true}}\" \/><br \/>\n<\/fieldset>\n<p><center><\/p>\n<h3>FREE CONSULTATION<br \/>\n\t<\/h3>\n<p><\/center><\/p>\n<hr \/>\n<p><center><\/p>\n<p><span class=\"wpcf7-form-control-wrap\" data-name=\"your-name\"><input size=\"40\" maxlength=\"400\" class=\"wpcf7-form-control wpcf7-text wpcf7-validates-as-required\" aria-required=\"true\" aria-invalid=\"false\" placeholder=\"Name\" value=\"\" type=\"text\" name=\"your-name\" \/><\/span>\n\t<\/p>\n<p><span class=\"wpcf7-form-control-wrap\" data-name=\"your-email\"><input size=\"40\" maxlength=\"400\" class=\"wpcf7-form-control wpcf7-email wpcf7-validates-as-required wpcf7-text wpcf7-validates-as-email\" aria-required=\"true\" aria-invalid=\"false\" placeholder=\"Email\" value=\"\" type=\"email\" name=\"your-email\" \/><\/span>\n\t<\/p>\n<p><span class=\"wpcf7-form-control-wrap\" data-name=\"tel-545\"><input size=\"40\" maxlength=\"400\" class=\"wpcf7-form-control wpcf7-tel wpcf7-text wpcf7-validates-as-tel\" aria-invalid=\"false\" placeholder=\"Phone Number\" value=\"\" type=\"tel\" name=\"tel-545\" \/><\/span>\n\t<\/p>\n<p><span class=\"wpcf7-form-control-wrap\" data-name=\"your-message\"><textarea cols=\"40\" rows=\"10\" maxlength=\"2000\" class=\"wpcf7-form-control wpcf7-textarea\" aria-invalid=\"false\" placeholder=\"How Can We Help?\" name=\"your-message\"><\/textarea><\/span>\n\t<\/p>\n<p><input class=\"wpcf7-form-control wpcf7-submit has-spinner button\" type=\"submit\" value=\"Submit Request\" \/>\n\t<\/p>\n<p><\/center><input\n                    class=\"apbct_special_field apbct_email_id__wp_contact_form_7\"\n                    name=\"apbct__email_id__wp_contact_form_7\"\n                    aria-label=\"apbct__label_id__wp_contact_form_7\"\n                    type=\"text\" size=\"30\" maxlength=\"200\" autocomplete=\"off\"\n                    value=\"\"\n                \/><\/p>\n<div class=\"wpcf7-response-output\" aria-hidden=\"true\"><\/div>\n<\/form>\n<\/div>\n<\/div>\n\t\t<\/aside>\t\t<aside id=\"flatsome_recent_posts-17\" class=\"widget flatsome_recent_posts\">\t\t<span class=\"widget-title \"><span>Latest Posts<\/span><\/span><div class=\"is-divider small\"><\/div>\t\t<ul>\t\t\n\t\t\n\t\t<li class=\"recent-blog-posts-li\">\n\t\t\t<div class=\"flex-row recent-blog-posts align-top pt-half pb-half\">\n\t\t\t\t<div class=\"flex-col mr-half\">\n\t\t\t\t\t<div class=\"badge post-date  badge-outline\">\n\t\t\t\t\t\t\t<div class=\"badge-inner bg-fill\" style=\"background: url(https:\/\/www.melbournefloridadental.com\/wp-content\/uploads\/2026\/04\/Full-Mouth-Dental-Implants-Melbourne-FL-Affordable-Denture-Care-280x280.jpg); border:0;\">\n                                \t\t\t\t\t\t\t<\/div>\n\t\t\t\t\t<\/div>\n\t\t\t\t<\/div>\n\t\t\t\t<div class=\"flex-col flex-grow\">\n\t\t\t\t\t  <a href=\"https:\/\/www.melbournefloridadental.com\/es\/implantes-dentales-para-toda-la-boca-en-melbourne-florida-conozca-sus-opciones\/\" title=\"Full Mouth Dental Implants in Melbourne, FL: Understanding Your Options\">Full Mouth Dental Implants in Melbourne, FL: Understanding Your Options<\/a>\n\t\t\t\t   \t  <span class=\"post_comments op-7 block is-xsmall\"><a href=\"https:\/\/www.melbournefloridadental.com\/es\/implantes-dentales-para-toda-la-boca-en-melbourne-florida-conozca-sus-opciones\/#respond\"><\/a><\/span>\n\t\t\t\t<\/div>\n\t\t\t<\/div>\n\t\t<\/li>\n\t\t\n\t\t\n\t\t<li class=\"recent-blog-posts-li\">\n\t\t\t<div class=\"flex-row recent-blog-posts align-top pt-half pb-half\">\n\t\t\t\t<div class=\"flex-col mr-half\">\n\t\t\t\t\t<div class=\"badge post-date  badge-outline\">\n\t\t\t\t\t\t\t<div class=\"badge-inner bg-fill\" style=\"background: url(https:\/\/www.melbournefloridadental.com\/wp-content\/uploads\/2026\/04\/Dental-Implant-Bridge-in-Melbourne-FL-_-Book-a-Free-Consultation-280x280.jpg); border:0;\">\n                                \t\t\t\t\t\t\t<\/div>\n\t\t\t\t\t<\/div>\n\t\t\t\t<\/div>\n\t\t\t\t<div class=\"flex-col flex-grow\">\n\t\t\t\t\t  <a href=\"https:\/\/www.melbournefloridadental.com\/es\/puente-sobre-implantes-dentales-frente-a-puente-tradicional-por-que-el-soporte-marca-la-diferencia\/\" title=\"Dental Implant Bridge vs Traditional Bridge: Why Support Makes the Difference\">Dental Implant Bridge vs Traditional Bridge: Why Support Makes the Difference<\/a>\n\t\t\t\t   \t  <span class=\"post_comments op-7 block is-xsmall\"><a href=\"https:\/\/www.melbournefloridadental.com\/es\/puente-sobre-implantes-dentales-frente-a-puente-tradicional-por-que-el-soporte-marca-la-diferencia\/#respond\"><\/a><\/span>\n\t\t\t\t<\/div>\n\t\t\t<\/div>\n\t\t<\/li>\n\t\t\n\t\t\n\t\t<li class=\"recent-blog-posts-li\">\n\t\t\t<div class=\"flex-row recent-blog-posts align-top pt-half pb-half\">\n\t\t\t\t<div class=\"flex-col mr-half\">\n\t\t\t\t\t<div class=\"badge post-date  badge-outline\">\n\t\t\t\t\t\t\t<div class=\"badge-inner bg-fill\" style=\"background: url(https:\/\/www.melbournefloridadental.com\/wp-content\/uploads\/2026\/04\/Veneer-Dentist-in-Melbourne-FL-Affordable-Porcelain-Veneers-280x280.jpg); border:0;\">\n                                \t\t\t\t\t\t\t<\/div>\n\t\t\t\t\t<\/div>\n\t\t\t\t<\/div>\n\t\t\t\t<div class=\"flex-col flex-grow\">\n\t\t\t\t\t  <a href=\"https:\/\/www.melbournefloridadental.com\/es\/como-un-dentista-especialista-en-carillas-de-melbourne-realza-tu-sonrisa\/\" title=\"How a Veneer Dentist in Melbourne Elevates Your Smile\">How a Veneer Dentist in Melbourne Elevates Your Smile<\/a>\n\t\t\t\t   \t  <span class=\"post_comments op-7 block is-xsmall\"><a href=\"https:\/\/www.melbournefloridadental.com\/es\/como-un-dentista-especialista-en-carillas-de-melbourne-realza-tu-sonrisa\/#respond\"><\/a><\/span>\n\t\t\t\t<\/div>\n\t\t\t<\/div>\n\t\t<\/li>\n\t\t\n\t\t\n\t\t<li class=\"recent-blog-posts-li\">\n\t\t\t<div class=\"flex-row recent-blog-posts align-top pt-half pb-half\">\n\t\t\t\t<div class=\"flex-col mr-half\">\n\t\t\t\t\t<div class=\"badge post-date  badge-outline\">\n\t\t\t\t\t\t\t<div class=\"badge-inner bg-fill\" style=\"background: url(https:\/\/www.melbournefloridadental.com\/wp-content\/uploads\/2026\/03\/Affordable-Dental-Implants-Melbourne-FL-Financing-Available-280x280.jpg); border:0;\">\n                                \t\t\t\t\t\t\t<\/div>\n\t\t\t\t\t<\/div>\n\t\t\t\t<\/div>\n\t\t\t\t<div class=\"flex-col flex-grow\">\n\t\t\t\t\t  <a href=\"https:\/\/www.melbournefloridadental.com\/es\/guia-en-video-sobre-implantes-dentales-asequibles-en-melbourne-florida-2\/\" title=\"Affordable Dental Implants in Melbourne, FL [Video Guide]\">Affordable Dental Implants in Melbourne, FL [Video Guide]<\/a>\n\t\t\t\t   \t  <span class=\"post_comments op-7 block is-xsmall\"><a href=\"https:\/\/www.melbournefloridadental.com\/es\/guia-en-video-sobre-implantes-dentales-asequibles-en-melbourne-florida-2\/#respond\"><\/a><\/span>\n\t\t\t\t<\/div>\n\t\t\t<\/div>\n\t\t<\/li>\n\t\t\n\t\t\n\t\t<li class=\"recent-blog-posts-li\">\n\t\t\t<div class=\"flex-row recent-blog-posts align-top pt-half pb-half\">\n\t\t\t\t<div class=\"flex-col mr-half\">\n\t\t\t\t\t<div class=\"badge post-date  badge-outline\">\n\t\t\t\t\t\t\t<div class=\"badge-inner bg-fill\" style=\"background: url(https:\/\/www.melbournefloridadental.com\/wp-content\/uploads\/2026\/03\/Dental-Implants-in-Wabasso-FL-Affordable-Tooth-Replacement-\ud83e\uddb7-280x280.jpg); border:0;\">\n                                \t\t\t\t\t\t\t<\/div>\n\t\t\t\t\t<\/div>\n\t\t\t\t<\/div>\n\t\t\t\t<div class=\"flex-col flex-grow\">\n\t\t\t\t\t  <a href=\"https:\/\/www.melbournefloridadental.com\/es\/implantes-dentales-en-wabasso-florida-una-opcion-mas-estable-para-la-sustitucion-de-dientes\/\" title=\"Dental Implants in Wabasso, FL: A More Stable Tooth Replacement Option\">Dental Implants in Wabasso, FL: A More Stable Tooth Replacement Option<\/a>\n\t\t\t\t   \t  <span class=\"post_comments op-7 block is-xsmall\"><a href=\"https:\/\/www.melbournefloridadental.com\/es\/implantes-dentales-en-wabasso-florida-una-opcion-mas-estable-para-la-sustitucion-de-dientes\/#respond\"><\/a><\/span>\n\t\t\t\t<\/div>\n\t\t\t<\/div>\n\t\t<\/li>\n\t\t\t\t<\/ul>\t\t<\/aside><\/ul>\n\t\t<\/div>\n\t\t\t\t\t<\/div>\n\n\t\n<\/div>\n\t\t<\/div>\n\n\t\t\n<style>\n#section_953902743 {\n  padding-top: 30px;\n  padding-bottom: 30px;\n}\n<\/style>\n\t<\/section>\n\t\n","protected":false},"excerpt":{"rendered":"","protected":false},"author":7,"featured_media":2151,"parent":0,"menu_order":0,"comment_status":"closed","ping_status":"closed","template":"page-blank.php","meta":{"rop_custom_images_group":[],"rop_custom_messages_group":[],"rop_publish_now":"initial","rop_publish_now_accounts":{"facebook_777675450006584_17841459105213043":"","twitter_1749521727959265280_1749521727959265280":"","gmb_109265489736877664202_accounts\/109265489736877664202\/locations\/10893882561405882307":""},"rop_publish_now_history":[],"rop_publish_now_status":"pending","footnotes":""},"class_list":["post-2023","page","type-page","status-publish","has-post-thumbnail","hentry"],"yoast_head":"<!-- This site is optimized with the Yoast SEO plugin v27.4 - https:\/\/yoast.com\/product\/yoast-seo-wordpress\/ -->\n<title>Night Guards in Melbourne, FL | Bite Guards | Dr. Victor C. Apel<\/title>\n<meta name=\"description\" content=\"A tailor-made night guard not only shields the surrounding oral structures from damage but can also help in reducing the bruxism tendency.\" \/>\n<meta name=\"robots\" content=\"index, follow, max-snippet:-1, max-image-preview:large, max-video-preview:-1\" \/>\n<link rel=\"canonical\" href=\"https:\/\/www.melbournefloridadental.com\/es\/vigilantes-nocturnos-en-melbourne-fl\/\" \/>\n<meta property=\"og:locale\" content=\"es_MX\" \/>\n<meta property=\"og:type\" content=\"article\" \/>\n<meta property=\"og:title\" content=\"Night Guards in Melbourne, FL | Bite Guards | Dr. Victor C. Apel\" \/>\n<meta property=\"og:description\" content=\"A tailor-made night guard not only shields the surrounding oral structures from damage but can also help in reducing the bruxism tendency.\" \/>\n<meta property=\"og:url\" content=\"https:\/\/www.melbournefloridadental.com\/es\/vigilantes-nocturnos-en-melbourne-fl\/\" \/>\n<meta property=\"og:site_name\" content=\"Designing Smiles Dentistry | Victor C. Apel, DMD\" \/>\n<meta property=\"article:publisher\" content=\"https:\/\/www.facebook.com\/Designingsmiles4you\" \/>\n<meta property=\"article:modified_time\" content=\"2023-10-11T19:05:06+00:00\" \/>\n<meta property=\"og:image\" content=\"https:\/\/www.melbournefloridadental.com\/wp-content\/uploads\/2023\/09\/Does-Insurance-Cover-Night-Guards-Melbourne-FL-Dr.-Apel-1.jpg\" \/>\n\t<meta property=\"og:image:width\" content=\"500\" \/>\n\t<meta property=\"og:image:height\" content=\"334\" \/>\n\t<meta property=\"og:image:type\" content=\"image\/jpeg\" \/>\n<meta name=\"twitter:card\" content=\"summary_large_image\" \/>\n<meta name=\"twitter:label1\" content=\"Tiempo de lectura\" \/>\n\t<meta name=\"twitter:data1\" content=\"1 minuto\" \/>\n<script type=\"application\/ld+json\" class=\"yoast-schema-graph\">{\"@context\":\"https:\\\/\\\/schema.org\",\"@graph\":[{\"@type\":\"WebPage\",\"@id\":\"https:\\\/\\\/www.melbournefloridadental.com\\\/night-guards-in-melbourne-fl\\\/\",\"url\":\"https:\\\/\\\/www.melbournefloridadental.com\\\/night-guards-in-melbourne-fl\\\/\",\"name\":\"Night Guards in Melbourne, FL | Bite Guards | Dr. Victor C. Apel\",\"isPartOf\":{\"@id\":\"https:\\\/\\\/www.melbournefloridadental.com\\\/#website\"},\"primaryImageOfPage\":{\"@id\":\"https:\\\/\\\/www.melbournefloridadental.com\\\/night-guards-in-melbourne-fl\\\/#primaryimage\"},\"image\":{\"@id\":\"https:\\\/\\\/www.melbournefloridadental.com\\\/night-guards-in-melbourne-fl\\\/#primaryimage\"},\"thumbnailUrl\":\"https:\\\/\\\/www.melbournefloridadental.com\\\/wp-content\\\/uploads\\\/2023\\\/09\\\/Does-Insurance-Cover-Night-Guards-Melbourne-FL-Dr.-Apel-1.jpg\",\"datePublished\":\"2023-09-28T20:24:23+00:00\",\"dateModified\":\"2023-10-11T19:05:06+00:00\",\"description\":\"A tailor-made night guard not only shields the surrounding oral structures from damage but can also help in reducing the bruxism tendency.\",\"breadcrumb\":{\"@id\":\"https:\\\/\\\/www.melbournefloridadental.com\\\/night-guards-in-melbourne-fl\\\/#breadcrumb\"},\"inLanguage\":\"es\",\"potentialAction\":[{\"@type\":\"ReadAction\",\"target\":[\"https:\\\/\\\/www.melbournefloridadental.com\\\/night-guards-in-melbourne-fl\\\/\"]}]},{\"@type\":\"ImageObject\",\"inLanguage\":\"es\",\"@id\":\"https:\\\/\\\/www.melbournefloridadental.com\\\/night-guards-in-melbourne-fl\\\/#primaryimage\",\"url\":\"https:\\\/\\\/www.melbournefloridadental.com\\\/wp-content\\\/uploads\\\/2023\\\/09\\\/Does-Insurance-Cover-Night-Guards-Melbourne-FL-Dr.-Apel-1.jpg\",\"contentUrl\":\"https:\\\/\\\/www.melbournefloridadental.com\\\/wp-content\\\/uploads\\\/2023\\\/09\\\/Does-Insurance-Cover-Night-Guards-Melbourne-FL-Dr.-Apel-1.jpg\",\"width\":500,\"height\":334,\"caption\":\"Night-Guards-Melbourne-FL-Dr.-Apel-1\"},{\"@type\":\"BreadcrumbList\",\"@id\":\"https:\\\/\\\/www.melbournefloridadental.com\\\/night-guards-in-melbourne-fl\\\/#breadcrumb\",\"itemListElement\":[{\"@type\":\"ListItem\",\"position\":1,\"name\":\"Home\",\"item\":\"https:\\\/\\\/www.melbournefloridadental.com\\\/\"},{\"@type\":\"ListItem\",\"position\":2,\"name\":\"Night Guards in Melbourne, FL\"}]},{\"@type\":\"WebSite\",\"@id\":\"https:\\\/\\\/www.melbournefloridadental.com\\\/#website\",\"url\":\"https:\\\/\\\/www.melbournefloridadental.com\\\/\",\"name\":\"Mini Dental Implants in Melbourne, FL\",\"description\":\"Mini Dental Implants in Melbourne, FL\",\"publisher\":{\"@id\":\"https:\\\/\\\/www.melbournefloridadental.com\\\/#organization\"},\"potentialAction\":[{\"@type\":\"SearchAction\",\"target\":{\"@type\":\"EntryPoint\",\"urlTemplate\":\"https:\\\/\\\/www.melbournefloridadental.com\\\/?s={search_term_string}\"},\"query-input\":{\"@type\":\"PropertyValueSpecification\",\"valueRequired\":true,\"valueName\":\"search_term_string\"}}],\"inLanguage\":\"es\"},{\"@type\":\"Organization\",\"@id\":\"https:\\\/\\\/www.melbournefloridadental.com\\\/#organization\",\"name\":\"Mini Dental Implants in Melbourne, FL\",\"url\":\"https:\\\/\\\/www.melbournefloridadental.com\\\/\",\"logo\":{\"@type\":\"ImageObject\",\"inLanguage\":\"es\",\"@id\":\"https:\\\/\\\/www.melbournefloridadental.com\\\/#\\\/schema\\\/logo\\\/image\\\/\",\"url\":\"https:\\\/\\\/www.melbournefloridadental.com\\\/wp-content\\\/uploads\\\/2023\\\/10\\\/Designing-Smiles-Mini-Dental-Implants-in-Melbourne-FL.jpg\",\"contentUrl\":\"https:\\\/\\\/www.melbournefloridadental.com\\\/wp-content\\\/uploads\\\/2023\\\/10\\\/Designing-Smiles-Mini-Dental-Implants-in-Melbourne-FL.jpg\",\"width\":600,\"height\":600,\"caption\":\"Mini Dental Implants in Melbourne, FL\"},\"image\":{\"@id\":\"https:\\\/\\\/www.melbournefloridadental.com\\\/#\\\/schema\\\/logo\\\/image\\\/\"},\"sameAs\":[\"https:\\\/\\\/www.facebook.com\\\/Designingsmiles4you\",\"https:\\\/\\\/www.youtube.com\\\/channel\\\/UCZfBoSod-5NE9mKAoIY87iQ\"]}]}<\/script>\n<!-- \/ Yoast SEO plugin. -->","yoast_head_json":{"title":"Protectores nocturnos en Melbourne, FL | Protectores de mordeduras | Dr. Victor C. Apel","description":"Un protector nocturno hecho a medida no s\u00f3lo protege las estructuras bucales circundantes de da\u00f1os, sino que tambi\u00e9n puede ayudar a reducir la tendencia al bruxismo.","robots":{"index":"index","follow":"follow","max-snippet":"max-snippet:-1","max-image-preview":"max-image-preview:large","max-video-preview":"max-video-preview:-1"},"canonical":"https:\/\/www.melbournefloridadental.com\/es\/vigilantes-nocturnos-en-melbourne-fl\/","og_locale":"es_MX","og_type":"article","og_title":"Night Guards in Melbourne, FL | Bite Guards | Dr. Victor C. Apel","og_description":"A tailor-made night guard not only shields the surrounding oral structures from damage but can also help in reducing the bruxism tendency.","og_url":"https:\/\/www.melbournefloridadental.com\/es\/vigilantes-nocturnos-en-melbourne-fl\/","og_site_name":"Designing Smiles Dentistry | Victor C. Apel, DMD","article_publisher":"https:\/\/www.facebook.com\/Designingsmiles4you","article_modified_time":"2023-10-11T19:05:06+00:00","og_image":[{"width":500,"height":334,"url":"https:\/\/www.melbournefloridadental.com\/wp-content\/uploads\/2023\/09\/Does-Insurance-Cover-Night-Guards-Melbourne-FL-Dr.-Apel-1.jpg","type":"image\/jpeg"}],"twitter_card":"summary_large_image","twitter_misc":{"Tiempo de lectura":"1 minuto"},"schema":{"@context":"https:\/\/schema.org","@graph":[{"@type":"WebPage","@id":"https:\/\/www.melbournefloridadental.com\/night-guards-in-melbourne-fl\/","url":"https:\/\/www.melbournefloridadental.com\/night-guards-in-melbourne-fl\/","name":"Protectores nocturnos en Melbourne, FL | Protectores de mordeduras | Dr. Victor C. Apel","isPartOf":{"@id":"https:\/\/www.melbournefloridadental.com\/#website"},"primaryImageOfPage":{"@id":"https:\/\/www.melbournefloridadental.com\/night-guards-in-melbourne-fl\/#primaryimage"},"image":{"@id":"https:\/\/www.melbournefloridadental.com\/night-guards-in-melbourne-fl\/#primaryimage"},"thumbnailUrl":"https:\/\/www.melbournefloridadental.com\/wp-content\/uploads\/2023\/09\/Does-Insurance-Cover-Night-Guards-Melbourne-FL-Dr.-Apel-1.jpg","datePublished":"2023-09-28T20:24:23+00:00","dateModified":"2023-10-11T19:05:06+00:00","description":"Un protector nocturno hecho a medida no s\u00f3lo protege las estructuras bucales circundantes de da\u00f1os, sino que tambi\u00e9n puede ayudar a reducir la tendencia al bruxismo.","breadcrumb":{"@id":"https:\/\/www.melbournefloridadental.com\/night-guards-in-melbourne-fl\/#breadcrumb"},"inLanguage":"es","potentialAction":[{"@type":"ReadAction","target":["https:\/\/www.melbournefloridadental.com\/night-guards-in-melbourne-fl\/"]}]},{"@type":"ImageObject","inLanguage":"es","@id":"https:\/\/www.melbournefloridadental.com\/night-guards-in-melbourne-fl\/#primaryimage","url":"https:\/\/www.melbournefloridadental.com\/wp-content\/uploads\/2023\/09\/Does-Insurance-Cover-Night-Guards-Melbourne-FL-Dr.-Apel-1.jpg","contentUrl":"https:\/\/www.melbournefloridadental.com\/wp-content\/uploads\/2023\/09\/Does-Insurance-Cover-Night-Guards-Melbourne-FL-Dr.-Apel-1.jpg","width":500,"height":334,"caption":"Night-Guards-Melbourne-FL-Dr.-Apel-1"},{"@type":"BreadcrumbList","@id":"https:\/\/www.melbournefloridadental.com\/night-guards-in-melbourne-fl\/#breadcrumb","itemListElement":[{"@type":"ListItem","position":1,"name":"Home","item":"https:\/\/www.melbournefloridadental.com\/"},{"@type":"ListItem","position":2,"name":"Night Guards in Melbourne, FL"}]},{"@type":"WebSite","@id":"https:\/\/www.melbournefloridadental.com\/#website","url":"https:\/\/www.melbournefloridadental.com\/","name":"Mini Implantes Dentales en Melbourne, FL","description":"Mini Implantes Dentales en Melbourne, FL","publisher":{"@id":"https:\/\/www.melbournefloridadental.com\/#organization"},"potentialAction":[{"@type":"SearchAction","target":{"@type":"EntryPoint","urlTemplate":"https:\/\/www.melbournefloridadental.com\/?s={search_term_string}"},"query-input":{"@type":"PropertyValueSpecification","valueRequired":true,"valueName":"search_term_string"}}],"inLanguage":"es"},{"@type":"Organization","@id":"https:\/\/www.melbournefloridadental.com\/#organization","name":"Mini Implantes Dentales en Melbourne, FL","url":"https:\/\/www.melbournefloridadental.com\/","logo":{"@type":"ImageObject","inLanguage":"es","@id":"https:\/\/www.melbournefloridadental.com\/#\/schema\/logo\/image\/","url":"https:\/\/www.melbournefloridadental.com\/wp-content\/uploads\/2023\/10\/Designing-Smiles-Mini-Dental-Implants-in-Melbourne-FL.jpg","contentUrl":"https:\/\/www.melbournefloridadental.com\/wp-content\/uploads\/2023\/10\/Designing-Smiles-Mini-Dental-Implants-in-Melbourne-FL.jpg","width":600,"height":600,"caption":"Mini Dental Implants in Melbourne, FL"},"image":{"@id":"https:\/\/www.melbournefloridadental.com\/#\/schema\/logo\/image\/"},"sameAs":["https:\/\/www.facebook.com\/Designingsmiles4you","https:\/\/www.youtube.com\/channel\/UCZfBoSod-5NE9mKAoIY87iQ"]}]}},"_links":{"self":[{"href":"https:\/\/www.melbournefloridadental.com\/es\/wp-json\/wp\/v2\/pages\/2023","targetHints":{"allow":["GET"]}}],"collection":[{"href":"https:\/\/www.melbournefloridadental.com\/es\/wp-json\/wp\/v2\/pages"}],"about":[{"href":"https:\/\/www.melbournefloridadental.com\/es\/wp-json\/wp\/v2\/types\/page"}],"author":[{"embeddable":true,"href":"https:\/\/www.melbournefloridadental.com\/es\/wp-json\/wp\/v2\/users\/7"}],"replies":[{"embeddable":true,"href":"https:\/\/www.melbournefloridadental.com\/es\/wp-json\/wp\/v2\/comments?post=2023"}],"version-history":[{"count":0,"href":"https:\/\/www.melbournefloridadental.com\/es\/wp-json\/wp\/v2\/pages\/2023\/revisions"}],"wp:featuredmedia":[{"embeddable":true,"href":"https:\/\/www.melbournefloridadental.com\/es\/wp-json\/wp\/v2\/media\/2151"}],"wp:attachment":[{"href":"https:\/\/www.melbournefloridadental.com\/es\/wp-json\/wp\/v2\/media?parent=2023"}],"curies":[{"name":"wp","href":"https:\/\/api.w.org\/{rel}","templated":true}]}}