{"id":1687,"date":"2023-09-27T19:02:10","date_gmt":"2023-09-27T23:02:10","guid":{"rendered":"https:\/\/www.melbournefloridadental.com\/?page_id=1687"},"modified":"2024-03-25T11:51:29","modified_gmt":"2024-03-25T15:51:29","slug":"nuestra-oficina","status":"publish","type":"page","link":"https:\/\/www.melbournefloridadental.com\/es\/our-office\/","title":{"rendered":"Nuestra oficina"},"content":{"rendered":"<div class=\"row\"  id=\"row-1515588765\">\n\n\t<div id=\"col-527424095\" class=\"col medium-8 small-12 large-8\"  >\n\t\t\t\t<div class=\"col-inner\"  >\n\t\t\t\n\t\t\t\n<h1>Our Office<\/h1>\n<p>If you&#8217;re looking for a highly trained and experienced dentist in\u00a0<span data-micro-template=\"city_string\">Melbourne<\/span>, you&#8217;ve come to the right place. Our state-of-the-art practice provides top-quality dental care and upholds the strictest sterilization standards and safety protocols to protect our patients&#8217; health. We understand that dental care sometimes evokes anxiety and do our best to alleviate these feelings and ensure patient comfort at every visit.<\/p>\n<p>As dedicated providers of care, we also believe that <a href=\"https:\/\/www.melbournefloridadental.com\/videos\/\"><strong>patient education<\/strong><\/a> is essential for maintaining good oral health. At Designing Smiles Dentistry, we take the time to give patients the information and resources they need to keep their smiles in tip-top condition. You can trust our office to provide the right guidance and the best treatment options for your smile.<\/p>\n<h3>Scheduling Appointments<\/h3>\n<p>To make an appointment, simply call us or\u00a0<strong><a href=\"https:\/\/www.melbournefloridadental.com\/contact-us\/\" aria-label=\"click here to Request an Appointment online\">click here to Request an Appointment online<\/a>.<\/strong><\/p>\n<h3>Payment Options<\/h3>\n<p>We accept Mastercard, Visa, American Express and Discover credit cards as well as cash and personal checks. In addition, financing options such as\u00a0<a style=\"font-weight: bold;\" href=\"https:\/\/www.carecredit.com\/\" target=\"_blank\" rel=\"noopener\" aria-label=\"Care Credit\">CareCredit<\/a>, <strong><a href=\"https:\/\/www.lendingclub.com\/\" target=\"_blank\" rel=\"noopener\" aria-label=\"Lending Club\">LendingClub<\/a><\/strong>, <strong><a href=\"https:\/\/apply.sunbit.com\/designingsmilesdentistry\" target=\"_blank\" rel=\"noopener\" aria-label=\"Sunbit\">Sunbit<\/a><\/strong><a href=\"https:\/\/apply.sunbit.com\/designingsmilesdentistry\" target=\"_blank\" rel=\"noopener\" aria-label=\"Sunbit\">,<\/a> <strong><a href=\"https:\/\/withcherry.com\/\" target=\"_blank\" rel=\"noopener\">Cherry<\/a> <\/strong>and <strong><a href=\"https:\/\/www.proceedfinance.com\/\" target=\"_blank\" rel=\"noopener\" aria-label=\"Proceed Finance\">Proceed Finance<\/a><\/strong>\u00a0are available for major dental work done in our office.<\/p>\n<h3>Pay Bills Online<\/h3>\n<p id=\"bills\"><strong><a href=\"https:\/\/weavebillpay.com\/8006f40d\" target=\"_blank\" rel=\"noopener\" aria-label=\"Pay My Bills\">Pay My Bills<\/a><\/strong><\/p>\n<h3>Insurance Plans<\/h3>\n<p>We accept insurance as an out of network provider. Our billing coordinator will be happy to discuss any insurance or billing questions you may have.<\/p>\n<h3>Convenient Location<\/h3>\n<p>Our office is located at 1514 South Babcock Street, Melbourne, FL 32901 with ample parking in our lot. We are easily accessible by bus. <a href=\"https:\/\/www.google.com\/maps\/dir\/\/1514+S+Babcock+St,+Melbourne,+FL+32901\/@28.0843328,-80.7042727,12z\/data=!4m8!4m7!1m0!1m5!1m1!1s0x88de11e55dd8ba4d:0xdff099224861b28e!2m2!1d-80.6218713!2d28.0843574?hl=en&amp;entry=ttu\"><strong>Click here for door-to-door directions<\/strong><\/a>.<\/p>\n\t\t<\/div>\n\t\t\t\t\t<\/div>\n\n\t\n\n\t<div id=\"col-567502301\" class=\"col medium-4 small-12 large-4\"  >\n\t\t\t\t<div class=\"col-inner\"  >\n\t\t\t\n\t\t\t\n<ul class=\"sidebar-wrapper ul-reset\"><aside id=\"text-15\" class=\"widget widget_text\">\t\t\t<div class=\"textwidget\"><p><a href=\"\/videos\/\"><img loading=\"lazy\" decoding=\"async\" class=\"alignnone size-full wp-image-1890\" src=\"http:\/\/www.melbournefloridadental.com\/wp-content\/uploads\/2023\/09\/video-library.png\" alt=\"\" width=\"600\" height=\"172\" srcset=\"https:\/\/www.melbournefloridadental.com\/wp-content\/uploads\/2023\/09\/video-library.png 600w, https:\/\/www.melbournefloridadental.com\/wp-content\/uploads\/2023\/09\/video-library-18x5.png 18w\" sizes=\"auto, (max-width: 600px) 100vw, 600px\" \/><\/a><\/p>\n<\/div>\n\t\t<\/aside><aside id=\"text-13\" class=\"widget widget_text\">\t\t\t<div class=\"textwidget\"><div class=\"wpcf7 no-js\" id=\"wpcf7-f9-o1\" lang=\"en-US\" dir=\"ltr\" data-wpcf7-id=\"9\">\n<div class=\"screen-reader-response\">\n<p role=\"status\" aria-live=\"polite\" aria-atomic=\"true\">\n<ul><\/ul>\n<\/div>\n<form action=\"\/es\/wp-json\/wp\/v2\/pages\/1687#wpcf7-f9-o1\" method=\"post\" class=\"wpcf7-form init cf7mls-no-scroll cf7mls-no-moving-animation\" aria-label=\"Contact form\" novalidate=\"novalidate\" data-status=\"init\">\n<fieldset class=\"hidden-fields-container\"><input type=\"hidden\" name=\"_wpcf7\" value=\"9\" \/><input type=\"hidden\" name=\"_wpcf7_version\" value=\"6.1.5\" \/><input type=\"hidden\" name=\"_wpcf7_locale\" value=\"en_US\" \/><input type=\"hidden\" name=\"_wpcf7_unit_tag\" value=\"wpcf7-f9-o1\" \/><input type=\"hidden\" name=\"_wpcf7_container_post\" value=\"0\" \/><input type=\"hidden\" name=\"_wpcf7_posted_data_hash\" value=\"\" \/><input type=\"hidden\" name=\"_wpcf7cf_hidden_group_fields\" value=\"[]\" \/><input type=\"hidden\" name=\"_wpcf7cf_hidden_groups\" value=\"[]\" \/><input type=\"hidden\" name=\"_wpcf7cf_visible_groups\" value=\"[]\" \/><input type=\"hidden\" name=\"_wpcf7cf_repeaters\" value=\"[]\" \/><input type=\"hidden\" name=\"_wpcf7cf_steps\" value=\"{}\" \/><input type=\"hidden\" name=\"_wpcf7cf_options\" value=\"{&quot;form_id&quot;:9,&quot;conditions&quot;:[],&quot;settings&quot;:{&quot;animation&quot;:&quot;yes&quot;,&quot;animation_intime&quot;:200,&quot;animation_outtime&quot;:200,&quot;conditions_ui&quot;:&quot;normal&quot;,&quot;notice_dismissed&quot;:false,&quot;notice_dismissed_rollback-cf7-5.8&quot;:true,&quot;notice_dismissed_rollback-cf7-5.9.2&quot;:true}}\" \/><br \/>\n<\/fieldset>\n<p><center><\/p>\n<h3>FREE CONSULTATION<br \/>\n\t<\/h3>\n<p><\/center><\/p>\n<hr \/>\n<p><center><\/p>\n<p><span class=\"wpcf7-form-control-wrap\" data-name=\"your-name\"><input size=\"40\" maxlength=\"400\" class=\"wpcf7-form-control wpcf7-text wpcf7-validates-as-required\" aria-required=\"true\" aria-invalid=\"false\" placeholder=\"Name\" value=\"\" type=\"text\" name=\"your-name\" \/><\/span>\n\t<\/p>\n<p><span class=\"wpcf7-form-control-wrap\" data-name=\"your-email\"><input size=\"40\" maxlength=\"400\" class=\"wpcf7-form-control wpcf7-email wpcf7-validates-as-required wpcf7-text wpcf7-validates-as-email\" aria-required=\"true\" aria-invalid=\"false\" placeholder=\"Email\" value=\"\" type=\"email\" name=\"your-email\" \/><\/span>\n\t<\/p>\n<p><span class=\"wpcf7-form-control-wrap\" data-name=\"tel-545\"><input size=\"40\" maxlength=\"400\" class=\"wpcf7-form-control wpcf7-tel wpcf7-text wpcf7-validates-as-tel\" aria-invalid=\"false\" placeholder=\"Phone Number\" value=\"\" type=\"tel\" name=\"tel-545\" \/><\/span>\n\t<\/p>\n<p><span class=\"wpcf7-form-control-wrap\" data-name=\"your-message\"><textarea cols=\"40\" rows=\"10\" maxlength=\"2000\" class=\"wpcf7-form-control wpcf7-textarea\" aria-invalid=\"false\" placeholder=\"How Can We Help?\" name=\"your-message\"><\/textarea><\/span>\n\t<\/p>\n<p><input class=\"wpcf7-form-control wpcf7-submit has-spinner button\" type=\"submit\" value=\"Submit Request\" \/>\n\t<\/p>\n<p><\/center><input\n                    class=\"apbct_special_field apbct_email_id__wp_contact_form_7\"\n                    name=\"apbct__email_id__wp_contact_form_7\"\n                    aria-label=\"apbct__label_id__wp_contact_form_7\"\n                    type=\"text\" size=\"30\" maxlength=\"200\" autocomplete=\"off\"\n                    value=\"\"\n                \/><\/p>\n<div class=\"wpcf7-response-output\" aria-hidden=\"true\"><\/div>\n<\/form>\n<\/div>\n<\/div>\n\t\t<\/aside>\t\t<aside id=\"flatsome_recent_posts-17\" class=\"widget flatsome_recent_posts\">\t\t<span class=\"widget-title \"><span>Latest Posts<\/span><\/span><div class=\"is-divider small\"><\/div>\t\t<ul>\t\t\n\t\t\n\t\t<li class=\"recent-blog-posts-li\">\n\t\t\t<div class=\"flex-row recent-blog-posts align-top pt-half pb-half\">\n\t\t\t\t<div class=\"flex-col mr-half\">\n\t\t\t\t\t<div class=\"badge post-date  badge-outline\">\n\t\t\t\t\t\t\t<div class=\"badge-inner bg-fill\" style=\"background: url(https:\/\/www.melbournefloridadental.com\/wp-content\/uploads\/2026\/04\/Dental-Implant-Bridge-in-Melbourne-FL-_-Book-a-Free-Consultation-280x280.jpg); border:0;\">\n                                \t\t\t\t\t\t\t<\/div>\n\t\t\t\t\t<\/div>\n\t\t\t\t<\/div>\n\t\t\t\t<div class=\"flex-col flex-grow\">\n\t\t\t\t\t  <a href=\"https:\/\/www.melbournefloridadental.com\/es\/dental-implant-bridge-vs-traditional-bridge-why-support-makes-the-difference\/\" title=\"Dental Implant Bridge vs Traditional Bridge: Why Support Makes the Difference\">Dental Implant Bridge vs Traditional Bridge: Why Support Makes the Difference<\/a>\n\t\t\t\t   \t  <span class=\"post_comments op-7 block is-xsmall\"><a href=\"https:\/\/www.melbournefloridadental.com\/es\/dental-implant-bridge-vs-traditional-bridge-why-support-makes-the-difference\/#respond\"><\/a><\/span>\n\t\t\t\t<\/div>\n\t\t\t<\/div>\n\t\t<\/li>\n\t\t\n\t\t\n\t\t<li class=\"recent-blog-posts-li\">\n\t\t\t<div class=\"flex-row recent-blog-posts align-top pt-half pb-half\">\n\t\t\t\t<div class=\"flex-col mr-half\">\n\t\t\t\t\t<div class=\"badge post-date  badge-outline\">\n\t\t\t\t\t\t\t<div class=\"badge-inner bg-fill\" style=\"background: url(https:\/\/www.melbournefloridadental.com\/wp-content\/uploads\/2026\/04\/Veneer-Dentist-in-Melbourne-FL-Affordable-Porcelain-Veneers-280x280.jpg); border:0;\">\n                                \t\t\t\t\t\t\t<\/div>\n\t\t\t\t\t<\/div>\n\t\t\t\t<\/div>\n\t\t\t\t<div class=\"flex-col flex-grow\">\n\t\t\t\t\t  <a href=\"https:\/\/www.melbournefloridadental.com\/es\/how-a-veneer-dentist-in-melbourne-elevates-your-smile\/\" title=\"How a Veneer Dentist in Melbourne Elevates Your Smile\">How a Veneer Dentist in Melbourne Elevates Your Smile<\/a>\n\t\t\t\t   \t  <span class=\"post_comments op-7 block is-xsmall\"><a href=\"https:\/\/www.melbournefloridadental.com\/es\/how-a-veneer-dentist-in-melbourne-elevates-your-smile\/#respond\"><\/a><\/span>\n\t\t\t\t<\/div>\n\t\t\t<\/div>\n\t\t<\/li>\n\t\t\n\t\t\n\t\t<li class=\"recent-blog-posts-li\">\n\t\t\t<div class=\"flex-row recent-blog-posts align-top pt-half pb-half\">\n\t\t\t\t<div class=\"flex-col mr-half\">\n\t\t\t\t\t<div class=\"badge post-date  badge-outline\">\n\t\t\t\t\t\t\t<div class=\"badge-inner bg-fill\" style=\"background: url(https:\/\/www.melbournefloridadental.com\/wp-content\/uploads\/2026\/03\/Affordable-Dental-Implants-Melbourne-FL-Financing-Available-280x280.jpg); border:0;\">\n                                \t\t\t\t\t\t\t<\/div>\n\t\t\t\t\t<\/div>\n\t\t\t\t<\/div>\n\t\t\t\t<div class=\"flex-col flex-grow\">\n\t\t\t\t\t  <a href=\"https:\/\/www.melbournefloridadental.com\/es\/affordable-dental-implants-melbourne-fl-video-guide\/\" title=\"Affordable Dental Implants Melbourne, FL [Video Guide]\">Affordable Dental Implants Melbourne, FL [Video Guide]<\/a>\n\t\t\t\t   \t  <span class=\"post_comments op-7 block is-xsmall\"><a href=\"https:\/\/www.melbournefloridadental.com\/es\/affordable-dental-implants-melbourne-fl-video-guide\/#respond\"><\/a><\/span>\n\t\t\t\t<\/div>\n\t\t\t<\/div>\n\t\t<\/li>\n\t\t\n\t\t\n\t\t<li class=\"recent-blog-posts-li\">\n\t\t\t<div class=\"flex-row recent-blog-posts align-top pt-half pb-half\">\n\t\t\t\t<div class=\"flex-col mr-half\">\n\t\t\t\t\t<div class=\"badge post-date  badge-outline\">\n\t\t\t\t\t\t\t<div class=\"badge-inner bg-fill\" style=\"background: url(https:\/\/www.melbournefloridadental.com\/wp-content\/uploads\/2026\/03\/Dental-Implants-in-Wabasso-FL-Affordable-Tooth-Replacement-\ud83e\uddb7-280x280.jpg); border:0;\">\n                                \t\t\t\t\t\t\t<\/div>\n\t\t\t\t\t<\/div>\n\t\t\t\t<\/div>\n\t\t\t\t<div class=\"flex-col flex-grow\">\n\t\t\t\t\t  <a href=\"https:\/\/www.melbournefloridadental.com\/es\/dental-implants-in-wabasso-fl-a-more-stable-tooth-replacement-option\/\" title=\"Dental Implants in Wabasso, FL: A More Stable Tooth Replacement Option\">Dental Implants in Wabasso, FL: A More Stable Tooth Replacement Option<\/a>\n\t\t\t\t   \t  <span class=\"post_comments op-7 block is-xsmall\"><a href=\"https:\/\/www.melbournefloridadental.com\/es\/dental-implants-in-wabasso-fl-a-more-stable-tooth-replacement-option\/#respond\"><\/a><\/span>\n\t\t\t\t<\/div>\n\t\t\t<\/div>\n\t\t<\/li>\n\t\t\n\t\t\n\t\t<li class=\"recent-blog-posts-li\">\n\t\t\t<div class=\"flex-row recent-blog-posts align-top pt-half pb-half\">\n\t\t\t\t<div class=\"flex-col mr-half\">\n\t\t\t\t\t<div class=\"badge post-date  badge-outline\">\n\t\t\t\t\t\t\t<div class=\"badge-inner bg-fill\" style=\"background: url(https:\/\/www.melbournefloridadental.com\/wp-content\/uploads\/2026\/03\/Dental-Veneers-Cost-in-Melbourne-FL-Cosmetic-Dentist-Near-Me-280x280.jpg); border:0;\">\n                                \t\t\t\t\t\t\t<\/div>\n\t\t\t\t\t<\/div>\n\t\t\t\t<\/div>\n\t\t\t\t<div class=\"flex-col flex-grow\">\n\t\t\t\t\t  <a href=\"https:\/\/www.melbournefloridadental.com\/es\/what-dental-veneers-cost-reveals-about-your-treatment-plan\/\" title=\"What Dental Veneers Cost Reveals About Your Treatment Plan\">What Dental Veneers Cost Reveals About Your Treatment Plan<\/a>\n\t\t\t\t   \t  <span class=\"post_comments op-7 block is-xsmall\"><a href=\"https:\/\/www.melbournefloridadental.com\/es\/what-dental-veneers-cost-reveals-about-your-treatment-plan\/#respond\"><\/a><\/span>\n\t\t\t\t<\/div>\n\t\t\t<\/div>\n\t\t<\/li>\n\t\t\t\t<\/ul>\t\t<\/aside><\/ul>\n\t\t<\/div>\n\t\t\t\t\t<\/div>\n\n\t\n<\/div>\n","protected":false},"excerpt":{"rendered":"","protected":false},"author":4,"featured_media":1668,"parent":0,"menu_order":0,"comment_status":"closed","ping_status":"closed","template":"","meta":{"rop_custom_images_group":[],"rop_custom_messages_group":[],"rop_publish_now":"initial","rop_publish_now_accounts":{"facebook_777675450006584_17841459105213043":"","twitter_1749521727959265280_1749521727959265280":"","gmb_109265489736877664202_accounts\/109265489736877664202\/locations\/10893882561405882307":""},"rop_publish_now_history":[],"rop_publish_now_status":"pending","footnotes":""},"class_list":["post-1687","page","type-page","status-publish","has-post-thumbnail","hentry"],"yoast_head":"<!-- This site is optimized with the Yoast SEO plugin v27.1.1 - https:\/\/yoast.com\/product\/yoast-seo-wordpress\/ -->\n<title>Our Office | Designing Smiles Dentistry in Melbourne, FL<\/title>\n<meta name=\"description\" content=\"If you&#039;re looking for a dentist in\u00a0Melbourne, you&#039;ve come to the right place. Our state-of-the-art dental office provides quality dental care\" \/>\n<meta name=\"robots\" content=\"index, follow, max-snippet:-1, max-image-preview:large, max-video-preview:-1\" \/>\n<link rel=\"canonical\" href=\"https:\/\/www.melbournefloridadental.com\/es\/nuestra-oficina\/\" \/>\n<meta property=\"og:locale\" content=\"es_MX\" \/>\n<meta property=\"og:type\" content=\"article\" \/>\n<meta property=\"og:title\" content=\"Our Office | Designing Smiles Dentistry in Melbourne, FL\" \/>\n<meta property=\"og:description\" content=\"If you&#039;re looking for a dentist in\u00a0Melbourne, you&#039;ve come to the right place. Our state-of-the-art dental office provides quality dental care\" \/>\n<meta property=\"og:url\" content=\"https:\/\/www.melbournefloridadental.com\/es\/nuestra-oficina\/\" \/>\n<meta property=\"og:site_name\" content=\"Designing Smiles Dentistry | Victor C. Apel, DMD\" \/>\n<meta property=\"article:publisher\" content=\"https:\/\/www.facebook.com\/Designingsmiles4you\" \/>\n<meta property=\"article:modified_time\" content=\"2024-03-25T15:51:29+00:00\" \/>\n<meta property=\"og:image\" content=\"https:\/\/www.melbournefloridadental.com\/wp-content\/uploads\/2023\/09\/custom_images_auto_gallery_10.webp\" \/>\n\t<meta property=\"og:image:width\" content=\"934\" \/>\n\t<meta property=\"og:image:height\" content=\"794\" \/>\n\t<meta property=\"og:image:type\" content=\"image\/webp\" \/>\n<meta name=\"twitter:card\" content=\"summary_large_image\" \/>\n<meta name=\"twitter:label1\" content=\"Tiempo de lectura\" \/>\n\t<meta name=\"twitter:data1\" content=\"2 minutos\" \/>\n<script type=\"application\/ld+json\" class=\"yoast-schema-graph\">{\"@context\":\"https:\/\/schema.org\",\"@graph\":[{\"@type\":\"WebPage\",\"@id\":\"https:\/\/www.melbournefloridadental.com\/our-office\/\",\"url\":\"https:\/\/www.melbournefloridadental.com\/our-office\/\",\"name\":\"Our Office | Designing Smiles Dentistry in Melbourne, FL\",\"isPartOf\":{\"@id\":\"https:\/\/www.melbournefloridadental.com\/#website\"},\"primaryImageOfPage\":{\"@id\":\"https:\/\/www.melbournefloridadental.com\/our-office\/#primaryimage\"},\"image\":{\"@id\":\"https:\/\/www.melbournefloridadental.com\/our-office\/#primaryimage\"},\"thumbnailUrl\":\"https:\/\/www.melbournefloridadental.com\/wp-content\/uploads\/2023\/09\/custom_images_auto_gallery_10.webp\",\"datePublished\":\"2023-09-27T23:02:10+00:00\",\"dateModified\":\"2024-03-25T15:51:29+00:00\",\"description\":\"If you're looking for a dentist in\u00a0Melbourne, you've come to the right place. Our state-of-the-art dental office provides quality dental care\",\"breadcrumb\":{\"@id\":\"https:\/\/www.melbournefloridadental.com\/our-office\/#breadcrumb\"},\"inLanguage\":\"es\",\"potentialAction\":[{\"@type\":\"ReadAction\",\"target\":[\"https:\/\/www.melbournefloridadental.com\/our-office\/\"]}]},{\"@type\":\"ImageObject\",\"inLanguage\":\"es\",\"@id\":\"https:\/\/www.melbournefloridadental.com\/our-office\/#primaryimage\",\"url\":\"https:\/\/www.melbournefloridadental.com\/wp-content\/uploads\/2023\/09\/custom_images_auto_gallery_10.webp\",\"contentUrl\":\"https:\/\/www.melbournefloridadental.com\/wp-content\/uploads\/2023\/09\/custom_images_auto_gallery_10.webp\",\"width\":934,\"height\":794,\"caption\":\"Designing Smiles Dentistry | Cosmetic Dentistry in Melbourne, FL | Dr. Victor Apel\"},{\"@type\":\"BreadcrumbList\",\"@id\":\"https:\/\/www.melbournefloridadental.com\/our-office\/#breadcrumb\",\"itemListElement\":[{\"@type\":\"ListItem\",\"position\":1,\"name\":\"Home\",\"item\":\"https:\/\/www.melbournefloridadental.com\/\"},{\"@type\":\"ListItem\",\"position\":2,\"name\":\"Our Office\"}]},{\"@type\":\"WebSite\",\"@id\":\"https:\/\/www.melbournefloridadental.com\/#website\",\"url\":\"https:\/\/www.melbournefloridadental.com\/\",\"name\":\"Mini Dental Implants in Melbourne, FL\",\"description\":\"Mini Dental Implants in Melbourne, FL\",\"publisher\":{\"@id\":\"https:\/\/www.melbournefloridadental.com\/#organization\"},\"potentialAction\":[{\"@type\":\"SearchAction\",\"target\":{\"@type\":\"EntryPoint\",\"urlTemplate\":\"https:\/\/www.melbournefloridadental.com\/?s={search_term_string}\"},\"query-input\":{\"@type\":\"PropertyValueSpecification\",\"valueRequired\":true,\"valueName\":\"search_term_string\"}}],\"inLanguage\":\"es\"},{\"@type\":\"Organization\",\"@id\":\"https:\/\/www.melbournefloridadental.com\/#organization\",\"name\":\"Mini Dental Implants in Melbourne, FL\",\"url\":\"https:\/\/www.melbournefloridadental.com\/\",\"logo\":{\"@type\":\"ImageObject\",\"inLanguage\":\"es\",\"@id\":\"https:\/\/www.melbournefloridadental.com\/#\/schema\/logo\/image\/\",\"url\":\"https:\/\/www.melbournefloridadental.com\/wp-content\/uploads\/2023\/10\/Designing-Smiles-Mini-Dental-Implants-in-Melbourne-FL.jpg\",\"contentUrl\":\"https:\/\/www.melbournefloridadental.com\/wp-content\/uploads\/2023\/10\/Designing-Smiles-Mini-Dental-Implants-in-Melbourne-FL.jpg\",\"width\":600,\"height\":600,\"caption\":\"Mini Dental Implants in Melbourne, FL\"},\"image\":{\"@id\":\"https:\/\/www.melbournefloridadental.com\/#\/schema\/logo\/image\/\"},\"sameAs\":[\"https:\/\/www.facebook.com\/Designingsmiles4you\",\"https:\/\/www.youtube.com\/channel\/UCZfBoSod-5NE9mKAoIY87iQ\"]}]}<\/script>\n<!-- \/ Yoast SEO plugin. -->","yoast_head_json":{"title":"Nuestra Oficina | Designing Smiles Dentistry en Melbourne, FL","description":"Si est\u00e1 buscando un dentista en Melbourne, ha llegado al lugar adecuado. Nuestra oficina dental de \u00faltima generaci\u00f3n ofrece atenci\u00f3n dental de calidad","robots":{"index":"index","follow":"follow","max-snippet":"max-snippet:-1","max-image-preview":"max-image-preview:large","max-video-preview":"max-video-preview:-1"},"canonical":"https:\/\/www.melbournefloridadental.com\/es\/nuestra-oficina\/","og_locale":"es_MX","og_type":"article","og_title":"Our Office | Designing Smiles Dentistry in Melbourne, FL","og_description":"If you're looking for a dentist in\u00a0Melbourne, you've come to the right place. Our state-of-the-art dental office provides quality dental care","og_url":"https:\/\/www.melbournefloridadental.com\/es\/nuestra-oficina\/","og_site_name":"Designing Smiles Dentistry | Victor C. Apel, DMD","article_publisher":"https:\/\/www.facebook.com\/Designingsmiles4you","article_modified_time":"2024-03-25T15:51:29+00:00","og_image":[{"width":934,"height":794,"url":"https:\/\/www.melbournefloridadental.com\/wp-content\/uploads\/2023\/09\/custom_images_auto_gallery_10.webp","type":"image\/webp"}],"twitter_card":"summary_large_image","twitter_misc":{"Tiempo de lectura":"2 minutos"},"schema":{"@context":"https:\/\/schema.org","@graph":[{"@type":"WebPage","@id":"https:\/\/www.melbournefloridadental.com\/our-office\/","url":"https:\/\/www.melbournefloridadental.com\/our-office\/","name":"Nuestra Oficina | Designing Smiles Dentistry en Melbourne, FL","isPartOf":{"@id":"https:\/\/www.melbournefloridadental.com\/#website"},"primaryImageOfPage":{"@id":"https:\/\/www.melbournefloridadental.com\/our-office\/#primaryimage"},"image":{"@id":"https:\/\/www.melbournefloridadental.com\/our-office\/#primaryimage"},"thumbnailUrl":"https:\/\/www.melbournefloridadental.com\/wp-content\/uploads\/2023\/09\/custom_images_auto_gallery_10.webp","datePublished":"2023-09-27T23:02:10+00:00","dateModified":"2024-03-25T15:51:29+00:00","description":"Si est\u00e1 buscando un dentista en Melbourne, ha llegado al lugar adecuado. Nuestra oficina dental de \u00faltima generaci\u00f3n ofrece atenci\u00f3n dental de calidad","breadcrumb":{"@id":"https:\/\/www.melbournefloridadental.com\/our-office\/#breadcrumb"},"inLanguage":"es","potentialAction":[{"@type":"ReadAction","target":["https:\/\/www.melbournefloridadental.com\/our-office\/"]}]},{"@type":"ImageObject","inLanguage":"es","@id":"https:\/\/www.melbournefloridadental.com\/our-office\/#primaryimage","url":"https:\/\/www.melbournefloridadental.com\/wp-content\/uploads\/2023\/09\/custom_images_auto_gallery_10.webp","contentUrl":"https:\/\/www.melbournefloridadental.com\/wp-content\/uploads\/2023\/09\/custom_images_auto_gallery_10.webp","width":934,"height":794,"caption":"Designing Smiles Dentistry | Cosmetic Dentistry in Melbourne, FL | Dr. Victor Apel"},{"@type":"BreadcrumbList","@id":"https:\/\/www.melbournefloridadental.com\/our-office\/#breadcrumb","itemListElement":[{"@type":"ListItem","position":1,"name":"Home","item":"https:\/\/www.melbournefloridadental.com\/"},{"@type":"ListItem","position":2,"name":"Our Office"}]},{"@type":"WebSite","@id":"https:\/\/www.melbournefloridadental.com\/#website","url":"https:\/\/www.melbournefloridadental.com\/","name":"Mini Implantes Dentales en Melbourne, FL","description":"Mini Implantes Dentales en Melbourne, FL","publisher":{"@id":"https:\/\/www.melbournefloridadental.com\/#organization"},"potentialAction":[{"@type":"SearchAction","target":{"@type":"EntryPoint","urlTemplate":"https:\/\/www.melbournefloridadental.com\/?s={search_term_string}"},"query-input":{"@type":"PropertyValueSpecification","valueRequired":true,"valueName":"search_term_string"}}],"inLanguage":"es"},{"@type":"Organization","@id":"https:\/\/www.melbournefloridadental.com\/#organization","name":"Mini Implantes Dentales en Melbourne, FL","url":"https:\/\/www.melbournefloridadental.com\/","logo":{"@type":"ImageObject","inLanguage":"es","@id":"https:\/\/www.melbournefloridadental.com\/#\/schema\/logo\/image\/","url":"https:\/\/www.melbournefloridadental.com\/wp-content\/uploads\/2023\/10\/Designing-Smiles-Mini-Dental-Implants-in-Melbourne-FL.jpg","contentUrl":"https:\/\/www.melbournefloridadental.com\/wp-content\/uploads\/2023\/10\/Designing-Smiles-Mini-Dental-Implants-in-Melbourne-FL.jpg","width":600,"height":600,"caption":"Mini Dental Implants in Melbourne, FL"},"image":{"@id":"https:\/\/www.melbournefloridadental.com\/#\/schema\/logo\/image\/"},"sameAs":["https:\/\/www.facebook.com\/Designingsmiles4you","https:\/\/www.youtube.com\/channel\/UCZfBoSod-5NE9mKAoIY87iQ"]}]}},"_links":{"self":[{"href":"https:\/\/www.melbournefloridadental.com\/es\/wp-json\/wp\/v2\/pages\/1687","targetHints":{"allow":["GET"]}}],"collection":[{"href":"https:\/\/www.melbournefloridadental.com\/es\/wp-json\/wp\/v2\/pages"}],"about":[{"href":"https:\/\/www.melbournefloridadental.com\/es\/wp-json\/wp\/v2\/types\/page"}],"author":[{"embeddable":true,"href":"https:\/\/www.melbournefloridadental.com\/es\/wp-json\/wp\/v2\/users\/4"}],"replies":[{"embeddable":true,"href":"https:\/\/www.melbournefloridadental.com\/es\/wp-json\/wp\/v2\/comments?post=1687"}],"version-history":[{"count":0,"href":"https:\/\/www.melbournefloridadental.com\/es\/wp-json\/wp\/v2\/pages\/1687\/revisions"}],"wp:featuredmedia":[{"embeddable":true,"href":"https:\/\/www.melbournefloridadental.com\/es\/wp-json\/wp\/v2\/media\/1668"}],"wp:attachment":[{"href":"https:\/\/www.melbournefloridadental.com\/es\/wp-json\/wp\/v2\/media?parent=1687"}],"curies":[{"name":"wp","href":"https:\/\/api.w.org\/{rel}","templated":true}]}}